{"id":607,"date":"2020-07-21T12:16:39","date_gmt":"2020-07-21T10:16:39","guid":{"rendered":"https:\/\/gemmamicropigmentacio.com\/?page_id=607"},"modified":"2026-04-13T22:48:04","modified_gmt":"2026-04-13T20:48:04","slug":"condiciones-generales","status":"publish","type":"page","link":"https:\/\/gemmamicropigmentacio.com\/es\/condicions-generals\/","title":{"rendered":"Condicions generals"},"content":{"rendered":"<div class=\"brz-root__container brz-reset-all brz brz-root__container-page\">\n<section id=\"_azidjmhxhztjbktlzgkkptirhiczglsbplhz\" class=\"brz-section brz-css-eos5qo brz-css-19jjj5o\">\n<div class=\"brz-section__content brz-section--boxed brz-css-1omupus brz-css-1mzmoba\" data-brz-custom-id=\"nphzybodrqxmxvvhrwcwnxjuluqmfxvttght\">\n<div class=\"brz-container brz-css-1ssru00 brz-css-pfuqgl\">\n<div class=\"brz-row__container brz-css-1fa6c4u\" data-brz-custom-id=\"ooylddekciqesfywdkfkyguepysijzxkjecq\">\n<div class=\"brz-bg\"><\/div>\n<div class=\"brz-row brz-css-l6gupa brz-css-r0pp8v\">\n<div class=\"brz-columns brz-css-1jyfq5v brz-css-1v1vwri\" data-brz-custom-id=\"gfxwnehjhvhoxswfoefwpebnnblrgxrsdcld\">\n<div class=\"brz-bg\"><\/div>\n<div class=\"brz-column__items brz-css-1a9i9yd\">\n<div id=\"\" class=\"brz-css-wbbso3 brz-wrapper\">\n<div class=\"brz-rich-text brz-rich-text__custom brz-css-10vkyd9\" data-brz-custom-id=\"jwrdytohavalptnatmmlhvylgrzgoiayxluw\">\n<div data-brz-translate-text=\"1\">\n<h1 class=\"brz-tp-lg-heading1 brz-text-lg-center brz-css-v9KE3\" data-uniq-id=\"qglfm\" data-generated-css=\"brz-css-ztnkv\"><span class=\"brz-cp-color2\">Condiciones Generales<\/span><\/h1>\n<\/div>\n<\/div>\n<\/div>\n<\/div>\n<\/div>\n<\/div>\n<\/div>\n<div id=\"\" class=\"brz-css-wbbso3 brz-css-g50qkn brz-wrapper\">\n<div class=\"brz-spacer brz-css-1utondr\"><\/div>\n<\/div>\n<div class=\"brz-row__container brz-css-1fa6c4u\" data-brz-custom-id=\"bysnwayaplzxkrbxlskjgufciquzkeckyqit\">\n<div class=\"brz-bg\"><\/div>\n<div class=\"brz-row brz-css-l6gupa brz-css-r0pp8v\">\n<div class=\"brz-columns brz-css-1jyfq5v brz-css-1mt5g0r\" data-brz-custom-id=\"frvexjxlvougneueirxyyuaimzfecaclgzax\">\n<div class=\"brz-bg\"><\/div>\n<div class=\"brz-column__items brz-css-1a9i9yd\">\n<div id=\"\" class=\"brz-css-wbbso3 brz-wrapper\">\n<div class=\"brz-rich-text brz-rich-text__custom brz-css-10vkyd9\" data-brz-custom-id=\"dpcaghqymdiastdeebphnfxnzdtfyyowjqxx\">\n<div data-brz-translate-text=\"1\">\n<h5 class=\"brz-tp-heading5 brz-mb-lg-25 brz-css-dlf3_\"><span class=\"brz-cp-color1\">Dep\u00f3sito<\/span><\/h5>\n<ol>\n<li class=\"brz-tp-paragraph brz-mb-lg-25 brz-bcp-color1 brz-css-rK391\"><span class=\"brz-cp-color1\">Para reservar y confirmar cada nueva cita, se requiere un dep\u00f3sito. Este dep\u00f3sito es para asegurar el tiempo necesario para la cita y se descontar\u00e1 del coste total del tratamiento.<\/span><\/li>\n<li class=\"brz-tp-paragraph brz-mb-lg-25 brz-bcp-color1 brz-css-dn0pF\"><span class=\"brz-cp-color1\">Los repositorios no son transferibles. Si se decide cancelar la cita, el dep\u00f3sito se perder\u00e1 autom\u00e1ticamente.<\/span><\/li>\n<li class=\"brz-tp-paragraph brz-mb-lg-25 brz-bcp-color1 brz-css-eXdzk\"><span class=\"brz-cp-color1\">Los dep\u00f3sitos no ser\u00e1n reembolsables, pero existe la posibilidad de reprogramar una cita siempre que se notifique con un m\u00ednimo de 72 horas y sea por motivos justificables.<\/span><\/li>\n<\/ol>\n<p class=\"brz-tp-paragraph brz-mb-lg-25 brz-css-gw5cc\"><span class=\"brz-cp-color1\"> <\/span><\/p>\n<h5 class=\"brz-tp-heading5 brz-mb-lg-25 brz-css-iOo4t\"><span class=\"brz-cp-color1\">Cancelaciones y retrasos<\/span><\/h5>\n<ol>\n<li class=\"brz-tp-paragraph brz-mb-lg-25 brz-bcp-color1 brz-css-gIF7q\"><span class=\"brz-cp-color1\">Existe la posibilidad de reprogramar una cita siempre que se notifique con un m\u00ednimo de 72 horas y sea por motivos justificables.<\/span><\/li>\n<li class=\"brz-tp-paragraph brz-mb-lg-25 brz-bcp-color1 brz-css-hpahc\"><span class=\"brz-cp-color1\">La reprogramaci\u00f3n de la cita se har\u00e1 como m\u00e1ximo los 30 d\u00edas posteriores a la cita modificada y s\u00f3lo se permite reprogramar una vez. Se requerir\u00e1 un nuevo repositorio para reprogramar una cita ya reprogramada.<\/span><\/li>\n<li class=\"brz-tp-paragraph brz-mb-lg-25 brz-bcp-color1 brz-css-mWsrj\"><span class=\"brz-cp-color1\">Si s&#8217;arriba tard o no es pot acudir a la cita per circumst\u00e0ncies imprevistes, posar-se en contacte&nbsp;com m\u00e9s aviat millor&nbsp;al tel\u00e8fon +34 653 031 341<\/span><\/li>\n<li class=\"brz-tp-paragraph brz-mb-lg-25 brz-bcp-color1 brz-css-eGXqw\"><span class=\"brz-cp-color1\">Si el retraso es superior a 15 minutos, puede resultar en la cancelaci\u00f3n de la cita y p\u00e9rdida del dep\u00f3sito. Se requerir\u00e1 un nuevo dep\u00f3sito para volver a reservar cualquier cita que haya sido cancelada por retraso y\/o no asistencia sin justificaci\u00f3n aceptada.<\/span><\/li>\n<li class=\"brz-tp-paragraph brz-mb-lg-25 brz-bcp-color1 brz-css-dmNPH\"><span class=\"brz-cp-color1\">Depende del usuario recordar su cita, si no se presenta en su horario, la cita quedar\u00e1 autom\u00e1ticamente cancelada y el dep\u00f3sito no se reembolsar\u00e1.<\/span><\/li>\n<\/ol>\n<p class=\"brz-tp-paragraph brz-mb-lg-25 brz-css-kNGXE\"><span class=\"brz-cp-color1\"> <\/span><\/p>\n<h5 class=\"brz-tp-heading5 brz-mb-lg-25 brz-css-npuRW\"><span class=\"brz-cp-color1\">Rechazo del procedimiento<\/span><\/h5>\n<ol>\n<li class=\"brz-tp-paragraph brz-mb-lg-25 brz-bcp-color1 brz-css-zqBnH\"><span class=\"brz-cp-color1\">La edad m\u00ednima requerida es de 18 a\u00f1os.<\/span><\/li>\n<li class=\"brz-tp-paragraph brz-mb-lg-25 brz-bcp-color1 brz-css-bmJkW\"><span class=\"brz-cp-color1\">De no considerarse apto al cliente para la realizaci\u00f3n del tratamiento, la profesional se reserva el derecho de rechazar el procedimiento sin obligaci\u00f3n de reembolso del dep\u00f3sito.<\/span><\/li>\n<li class=\"brz-tp-paragraph brz-mb-lg-25 brz-bcp-color1 brz-css-qDuqO\"><span class=\"brz-cp-color1\">Comunicar con anterioridad si ya se lleva la zona micropigmentada\/tatuada y si se trata de una correcci\u00f3n. Las correcciones deben ser validadas antes de realizar la reserva. Si no es apto, el tratamiento no se realizar\u00e1 y se perder\u00e1 el dep\u00f3sito.<\/span><\/li>\n<\/ol>\n<p class=\"brz-tp-paragraph brz-mb-lg-25 brz-css-uv7h2\"><span class=\"brz-cp-color1\"> <\/span><\/p>\n<h5 class=\"brz-tp-heading5 brz-mb-lg-25 brz-css-wk73Q\"><span class=\"brz-cp-color1\">Precios<\/span><\/h5>\n<ol>\n<li class=\"brz-tp-paragraph brz-mb-lg-25 brz-bcp-color1 brz-css-gjHWh\"><span class=\"brz-cp-color1\">Los precios est\u00e1n sujetos a cambios en cualquier momento.<\/span><\/li>\n<li class=\"brz-tp-paragraph brz-mb-lg-25 brz-bcp-color1 brz-css-nBwVp\"><span class=\"brz-cp-color1\">Las tarifas pueden aumentar o variar en caso de desplazamiento, eventos y\/o circunstancias especiales.<\/span><\/li>\n<li class=\"brz-tp-paragraph brz-mb-lg-25 brz-bcp-color1 brz-css-pcI3h\"><span class=\"brz-cp-color1\">El pago se puede realizar en efectivo y en la mayor\u00eda de tarjetas de d\u00e9bito\/cr\u00e9dito.<\/span><\/li>\n<\/ol>\n<p class=\"brz-tp-paragraph brz-mb-lg-25 brz-css-sGXcs\"><span class=\"brz-cp-color1\"> <\/span><\/p>\n<h5 class=\"brz-tp-heading5 brz-mb-lg-25 brz-css-gpCd_\"><span class=\"brz-cp-color1\">Garant\u00eda<\/span><\/h5>\n<ol>\n<li class=\"brz-tp-paragraph brz-mb-lg-25 brz-bcp-color1 brz-css-xzZVv\"><span class=\"brz-cp-color1\">No se puede prever con exactitud lo que se produce durante el proceso de curaci\u00f3n, de ah\u00ed que no sea posible ofrecer ning\u00fan tipo de garant\u00eda para con los resultados.<\/span><\/li>\n<li class=\"brz-tp-paragraph brz-mb-lg-25 brz-bcp-color1 brz-css-d9V0a\"><span class=\"brz-cp-color1\">Los resultados individuales var\u00edan de cliente a cliente.<\/span><\/li>\n<li class=\"brz-tp-paragraph brz-mb-lg-25 brz-bcp-color1 brz-css-uCCIV\"><span class=\"brz-cp-color1\">El posterior cuidado del tratamiento y el tipo de piel contribuir\u00e1 directamente con los resultados finales.<\/span><\/li>\n<li class=\"brz-tp-paragraph brz-mb-lg-25 brz-bcp-color1 brz-css-t4Pfi\"><span class=\"brz-cp-color1\">Algunos casos pueden requerir sesiones adicionales para obtener los resultados deseados (con cargo consecuente).<\/span><\/li>\n<\/ol>\n<p class=\"brz-tp-paragraph brz-mb-lg-25 brz-css-rXy2o\"><span class=\"brz-cp-color1\"> <\/span><\/p>\n<h5 class=\"brz-tp-heading5 brz-mb-lg-25 brz-css-uF5eD\"><span class=\"brz-cp-color1\">Reembolsos<\/span><\/h5>\n<p class=\"brz-tp-paragraph brz-mb-lg-25 brz-css-xuc0L\"><span class=\"brz-cp-color1\">NO SE EFECTUARAN REEMBOLSOS POR LOS SERVICIOS REALIZADOS POR GEMA MICROPIGMENTACI\u00d3N. <\/span><\/p>\n<\/div>\n<\/div>\n<\/div>\n<\/div>\n<\/div>\n<\/div>\n<\/div>\n<\/div>\n<\/div>\n<\/section>\n<\/div>\n<p>    <!-- version:1737996920 --><\/p>","protected":false},"excerpt":{"rendered":"<p>Condicions Generals Dip\u00f2sit Per reservar i confirmar cada nova cita es requereix un dip\u00f2sit. Aquest dip\u00f2sit \u00e9s per assegurar el temps necessari&nbsp;per a&nbsp;la cita i es descomptar\u00e0 del cost total del tractament. Els dip\u00f2sits no s\u00f3n transferibles. Si es decideix cancel\u00b7lar la cita,&nbsp;el dip\u00f2sit&nbsp;es perdr\u00e0 autom\u00e0ticament. Els dip\u00f2sits no s\u00f3n reemborsables, per\u00f2 existeix la possibilitat &#8230; <a title=\"Condicions generals\" class=\"read-more\" href=\"https:\/\/gemmamicropigmentacio.com\/es\/condicions-generals\/\" aria-label=\"Leer m\u00e1s sobre Condicions generals\">Leer m\u00e1s<\/a><\/p>","protected":false},"author":1,"featured_media":0,"parent":0,"menu_order":0,"comment_status":"closed","ping_status":"closed","template":"","meta":{"footnotes":""},"class_list":["post-607","page","type-page","status-publish"],"brizy_media":[],"_links":{"self":[{"href":"https:\/\/gemmamicropigmentacio.com\/es\/wp-json\/wp\/v2\/pages\/607","targetHints":{"allow":["GET"]}}],"collection":[{"href":"https:\/\/gemmamicropigmentacio.com\/es\/wp-json\/wp\/v2\/pages"}],"about":[{"href":"https:\/\/gemmamicropigmentacio.com\/es\/wp-json\/wp\/v2\/types\/page"}],"author":[{"embeddable":true,"href":"https:\/\/gemmamicropigmentacio.com\/es\/wp-json\/wp\/v2\/users\/1"}],"replies":[{"embeddable":true,"href":"https:\/\/gemmamicropigmentacio.com\/es\/wp-json\/wp\/v2\/comments?post=607"}],"version-history":[{"count":0,"href":"https:\/\/gemmamicropigmentacio.com\/es\/wp-json\/wp\/v2\/pages\/607\/revisions"}],"wp:attachment":[{"href":"https:\/\/gemmamicropigmentacio.com\/es\/wp-json\/wp\/v2\/media?parent=607"}],"curies":[{"name":"wp","href":"https:\/\/api.w.org\/{rel}","templated":true}]}}