{"id":605,"date":"2020-07-21T12:14:45","date_gmt":"2020-07-21T10:14:45","guid":{"rendered":"https:\/\/gemmamicropigmentacio.com\/?page_id=605"},"modified":"2026-04-13T22:48:01","modified_gmt":"2026-04-13T20:48:01","slug":"aviso-legal","status":"publish","type":"page","link":"https:\/\/gemmamicropigmentacio.com\/es\/avis-legal\/","title":{"rendered":"Av\u00eds legal"},"content":{"rendered":"<div class=\"brz-root__container brz-reset-all brz brz-root__container-page\">\n<section id=\"85ad9f9de46a36439acf_ntpnibqhjgpopnlmmzndsecchgytppwghphk\" class=\"brz-section brz-css-hzmqea brz-css-82z2ze\">\n<div class=\"brz-section__content brz-section--boxed brz-css-1m9x3nl brz-css-1rda8c2\" data-brz-custom-id=\"wwbhijbxycieeokbobxlzxqnnxfjekerdcih\">\n<div class=\"brz-container brz-css-1bho7np brz-css-1fk75qo\">\n<div class=\"brz-row__container brz-css-rpe9la\" data-brz-custom-id=\"bstaxvjezetyqacdzeqikdggudifmfctnpjh\">\n<div class=\"brz-bg\"><\/div>\n<div class=\"brz-row brz-css-q6a94t brz-css-1acmavx\">\n<div class=\"brz-columns brz-css-p3khff brz-css-1toznqp\" data-brz-custom-id=\"xsyrdlvkhpzkxcdjfqironuloyxnbtgmmtqb\">\n<div class=\"brz-bg\"><\/div>\n<div class=\"brz-column__items brz-css-1w0zlk7\">\n<div id=\"\" class=\"brz-css-1yz0ldo brz-wrapper\">\n<div class=\"brz-rich-text brz-rich-text__custom brz-css-182qqw4\" data-brz-custom-id=\"mtarcenkniissfqgkjwdamvwoewgrigueytq\">\n<div data-brz-translate-text=\"1\">\n<h1 class=\"brz-tp-lg-heading1 brz-text-lg-center brz-css-z1qU2\" data-uniq-id=\"aqsao\" data-generated-css=\"brz-css-whxdb\"><span class=\"brz-cp-color2\">Aviso Legal<\/span><\/h1>\n<\/div>\n<\/div>\n<\/div>\n<\/div>\n<\/div>\n<\/div>\n<\/div>\n<div id=\"\" class=\"brz-css-1yz0ldo brz-css-1yhqczz brz-wrapper\">\n<div class=\"brz-spacer brz-css-18sj3kg\"><\/div>\n<\/div>\n<div class=\"brz-row__container brz-css-rpe9la\" data-brz-custom-id=\"qpwchhpfkbmphoaeftsghezstuompmbcpzha\">\n<div class=\"brz-bg\"><\/div>\n<div class=\"brz-row brz-css-q6a94t brz-css-1acmavx\">\n<div class=\"brz-columns brz-css-p3khff brz-css-137v8qs\" data-brz-custom-id=\"hpuitlhfmkyhqjbujyfylnrijxdyicpjqbzg\">\n<div class=\"brz-bg\"><\/div>\n<div class=\"brz-column__items brz-css-1w0zlk7\">\n<div id=\"\" class=\"brz-css-1yz0ldo brz-wrapper\">\n<div class=\"brz-rich-text brz-rich-text__custom brz-css-182qqw4\" data-brz-custom-id=\"kzizxntkkoaartzwqkqivfsxpwedfojnjdtc\">\n<div data-brz-translate-text=\"1\">\n<p class=\"brz-tp-lg-heading5 brz-mb-lg-0 brz-css-cFdUO\" data-uniq-id=\"hTrno\" data-generated-css=\"brz-css-oEf8k\"><span class=\"brz-cp-color1\">La titular de esta web es <\/span><\/p>\n<p class=\"brz-tp-lg-paragraph brz-bcp-color1 brz-mb-lg-0 brz-css-mnqrK\" data-uniq-id=\"gBNcq\" data-generated-css=\"brz-css-b8QXK\"><span class=\"brz-cp-color1\"> <\/span><\/p>\n<ul>\n<li class=\"brz-tp-lg-paragraph brz-mb-lg-0 brz-bcp-color1 brz-css-uycwF\" data-uniq-id=\"mEg2s\" data-generated-css=\"brz-css-dKYIn\"><span class=\"brz-cp-color1\">Identidad: Gemma V\u00e1zquez \u00c1lvarez<\/span><\/li>\n<li class=\"brz-tp-lg-paragraph brz-mb-lg-0 brz-bcp-color1 brz-css-bGzlx\" data-uniq-id=\"fhDMW\" data-generated-css=\"brz-css-s0Hiq\"><span class=\"brz-cp-color1\">NIF: 47277705-D<\/span><\/li>\n<li class=\"brz-tp-lg-paragraph brz-mb-lg-0 brz-bcp-color1 brz-css-cCxPW\" data-uniq-id=\"hXT2z\" data-generated-css=\"brz-css-wEorr\"><span class=\"brz-cp-color1\">Direcci\u00f3n: Gran V\u00eda de Jaime I 60, local 5 (17001 Girona)<\/span><\/li>\n<li class=\"brz-tp-lg-paragraph brz-mb-lg-0 brz-bcp-color1 brz-css-gust9\" data-uniq-id=\"rnNuT\" data-generated-css=\"brz-css-qdc59\"><span class=\"brz-cp-color1\">Tel.: +34 653 031 341<\/span><\/li>\n<li class=\"brz-tp-lg-paragraph brz-mb-lg-0 brz-bcp-color1 brz-css-fy5ZL\" data-uniq-id=\"mDyWG\" data-generated-css=\"brz-css-y4Hr5\"><span class=\"brz-cp-color1\">Email: info@gemmamicropigmentacio.com<\/span><\/li>\n<\/ul>\n<p class=\"brz-bcp-color1 brz-mb-lg-0 brz-tp-lg-paragraph brz-css-qOkok\" data-uniq-id=\"s8yjN\" data-generated-css=\"brz-css-yfi1K\"><span class=\"brz-cp-color1\"> <\/span><\/p>\n<h5 class=\"brz-bcp-color1 brz-tp-lg-heading5 brz-css-wwrRb\" data-uniq-id=\"qrsrp\" data-generated-css=\"brz-css-d1Xl3\"><span class=\"brz-cp-color1\">Condiciones de uso<\/span><\/h5>\n<p class=\"brz-bcp-color1 brz-tp-lg-paragraph brz-css-wnU2C\" data-uniq-id=\"uFPDW\" data-generated-css=\"brz-css-em630\"><span class=\"brz-cp-color1\"> <\/span><\/p>\n<p class=\"brz-bcp-color1 brz-tp-lg-paragraph brz-css-aA9Ds\" data-uniq-id=\"yYkt9\" data-generated-css=\"brz-css-ySheW\"><span class=\"brz-cp-color1\">El uso de este sitio web implica la aceptaci\u00f3n plena de los t\u00e9rminos y condiciones del presente aviso legal. Los posibles conflictos relativos a este sitio web se regir\u00e1n exclusivamente por el derecho del Estado espa\u00f1ol. Toda persona usuaria de la web, independientemente de la jurisdicci\u00f3n territorial desde la que se produzca su acceso, acepta el cumplimiento y respeto de estas cl\u00e1usulas con renuncia expresa a cualquier otro fuero que pudiera corresponderle.<\/span><\/p>\n<p class=\"brz-tp-lg-paragraph brz-css-dSTsb\" data-uniq-id=\"kPSeV\" data-generated-css=\"brz-css-uMfGC\"><\/p>\n<h5 class=\"brz-tp-lg-heading5 brz-mb-lg-0 brz-bcp-color1 brz-css-bIO6N\" data-uniq-id=\"r9vBb\" data-generated-css=\"brz-css-eHzyf\"><span class=\"brz-cp-color1\">Propiedad intelectual e industrial<\/span><\/h5>\n<p class=\"brz-tp-lg-paragraph brz-mb-lg-0 brz-bcp-color1 brz-css-ejQFy\" data-uniq-id=\"e0N4X\" data-generated-css=\"brz-css-z_HT5\"><span class=\"brz-cp-color1\"> <\/span><\/p>\n<p class=\"brz-tp-lg-paragraph brz-mb-lg-0 brz-bcp-color1 brz-css-oc3ow\" data-uniq-id=\"qIxH_\" data-generated-css=\"brz-css-iG5sf\"><span class=\"brz-cp-color1\">La totalidad del contenido de este sitio web, ya sean textos, im\u00e1genes, sonidos, marcas, logotipos u otros elementos, as\u00ed como subestructura, dise\u00f1o, combinaciones de colores o forma de presentaci\u00f3n de los materiales, est\u00e1n protegidos por derechos de propiedad industrial e inteligencia que el usuario de este sitio web debe respetar. No es l\u00edcita su transformaci\u00f3n o alteraci\u00f3n, comunicaci\u00f3n p\u00fablica o cualquier otra forma de explotaci\u00f3n por cualquier procedimiento sin autorizaci\u00f3n expresa de Gemma V\u00e1zquez \u00c1lvarez. <\/span><\/p>\n<p class=\"brz-tp-lg-paragraph brz-mb-lg-0 brz-bcp-color1 brz-css-tXCw0\" data-uniq-id=\"c8fli\" data-generated-css=\"brz-css-mrHIG\"><span class=\"brz-cp-color1\"> <\/span><\/p>\n<h5 class=\"brz-tp-lg-heading5 brz-css-rmKBJ\" data-uniq-id=\"xS6Fe\" data-generated-css=\"brz-css-gzctU\"><span class=\"brz-cp-color1\">Responsabilidad sobre los contenidos<\/span><\/h5>\n<p class=\"brz-tp-lg-paragraph brz-css-vRxtW\" data-uniq-id=\"cW2_a\" data-generated-css=\"brz-css-kyWHl\"><span class=\"brz-cp-color1\"> <\/span><\/p>\n<p class=\"brz-tp-lg-paragraph brz-css-zpjo0\" data-uniq-id=\"mmMoK\" data-generated-css=\"brz-css-fiSmX\"><span class=\"brz-cp-color1\">Aunque Gemma V\u00e1zquez \u00c1lvarez act\u00faa con la m\u00e1xima diligencia posible, puede darse el caso de que alg\u00fan dato o informaci\u00f3n no est\u00e9 del todo actualizado en el momento que el usuario del sitio web lo consulte. Por eso, las informaciones que se presentan en esta web tienen una funci\u00f3n orientativa y no obligan a Gemma V\u00e1zquez \u00c1lvarez.<\/span><\/p>\n<p class=\"brz-tp-lg-paragraph brz-css-wydvm\" data-uniq-id=\"pdKrR\" data-generated-css=\"brz-css-nAFCu\"><\/p>\n<p class=\"brz-tp-lg-paragraph brz-css-qBiYy\" data-uniq-id=\"gsDSN\" data-generated-css=\"brz-css-bpjqb\"><span class=\"brz-cp-color1\">Gemma V\u00e1zquez \u00c1lvarez no ser\u00e1 responsable de la informaci\u00f3n que pueda obtenerse a trav\u00e9s de enlaces incluidos en su web.<\/span><\/p>\n<p class=\"brz-tp-lg-paragraph brz-css-xRpkW\" data-uniq-id=\"nA9jC\" data-generated-css=\"brz-css-cxPb1\"><\/p>\n<p class=\"brz-tp-lg-paragraph brz-mb-lg-0 brz-bcp-color1 brz-css-jUm2K\" data-uniq-id=\"mThVA\" data-generated-css=\"brz-css-cnV78\"><span class=\"brz-cp-color1\">Gemma V\u00e1zquez \u00c1lvarez se reserva la facultad de realizar, en cualquier momento y sin necesidad de preaviso, modificaciones o actualizaciones de la informaci\u00f3n y de cualquiera de los elementos que integren el dise\u00f1o y configuraci\u00f3n de la p\u00e1gina web. <\/span><\/p>\n<p class=\"brz-tp-lg-paragraph brz-mb-lg-0 brz-bcp-color1 brz-css-gKnrD\" data-uniq-id=\"aEQ1W\" data-generated-css=\"brz-css-kOneX\"><span class=\"brz-cp-color1\"> <\/span><\/p>\n<h5 class=\"brz-tp-lg-heading5 brz-mb-lg-0 brz-bcp-color1 brz-css-p_4nh\" data-uniq-id=\"k21Q5\" data-generated-css=\"brz-css-wgb1q\"><span class=\"brz-cp-color1\">Ley aplicable y jurisdicci\u00f3n<\/span><\/h5>\n<p class=\"brz-tp-lg-paragraph brz-bcp-color1 brz-mb-lg-1 brz-css-zMuQq\" data-uniq-id=\"xlM4F\" data-generated-css=\"brz-css-iNd6b\"><span class=\"brz-cp-color1\"> <\/span><\/p>\n<p class=\"brz-tp-lg-paragraph brz-bcp-color1 brz-mb-lg-0 brz-css-foVhD\" data-uniq-id=\"mNHgD\" data-generated-css=\"brz-css-fzPSi\"><span class=\"brz-cp-color1\">El uso de este sitio web implica la plena aceptaci\u00f3n de los t\u00e9rminos y condiciones en el presente aviso legal. Los posibles conflictos relativos a este sitio web se regir\u00e1n exclusivamente por la legislaci\u00f3n espa\u00f1ola, siendo competentes los Juzgados y Tribunales espa\u00f1oles para conocer cualquier cuesti\u00f3n que se suscite sobre ella. El usuario, en virtud de su aceptaci\u00f3n renuncia expresamente a cualquier fuero que por aplicaci\u00f3n de la Ley de Enjuiciamiento Civil vigente pudiera corresponderle. <\/span><\/p>\n<p class=\"brz-tp-lg-paragraph brz-mb-lg-0 brz-css-jc_W1\" data-uniq-id=\"oRfZr\" data-generated-css=\"brz-css-cRhmm\"><span class=\"brz-cp-color1\"> <\/span><\/p>\n<p class=\"brz-tp-lg-paragraph brz-mb-lg-0 brz-css-fkoWs\" data-uniq-id=\"uS5w5\" data-generated-css=\"brz-css-yNIlK\"><span class=\"brz-cp-color1\">Informaci\u00f3n de conformidad con el art\u00edculo 10 de la LSSI <\/span><\/p>\n<\/div>\n<\/div>\n<\/div>\n<\/div>\n<\/div>\n<\/div>\n<\/div>\n<\/div>\n<\/div>\n<\/section>\n<\/div>\n<p>    <!-- version:1745920859 --><\/p>","protected":false},"excerpt":{"rendered":"<p>Av\u00eds Legal La titular d&#8217;aquesta web \u00e9s Identitat: Gemma V\u00e1zquez \u00c1lvarez NIF: 47277705-D Adre\u00e7a: Gran Via de Jaume I 60, local 5 (17001 Girona) Tel.: +34 653 031 341 Email: info@gemmamicropigmentacio.com Condicions d&#8217;\u00fas L&#8217;\u00fas d&#8217;aquest web implica l&#8217;acceptaci\u00f3 plena dels termes i condicions del present av\u00eds legal. Els possibles conflictes relatius a aquest web es &#8230; <a title=\"Av\u00eds legal\" class=\"read-more\" href=\"https:\/\/gemmamicropigmentacio.com\/es\/avis-legal\/\" aria-label=\"Leer m\u00e1s sobre Av\u00eds legal\">Leer m\u00e1s<\/a><\/p>","protected":false},"author":1,"featured_media":0,"parent":0,"menu_order":0,"comment_status":"closed","ping_status":"closed","template":"","meta":{"footnotes":""},"class_list":["post-605","page","type-page","status-publish"],"brizy_media":[],"_links":{"self":[{"href":"https:\/\/gemmamicropigmentacio.com\/es\/wp-json\/wp\/v2\/pages\/605","targetHints":{"allow":["GET"]}}],"collection":[{"href":"https:\/\/gemmamicropigmentacio.com\/es\/wp-json\/wp\/v2\/pages"}],"about":[{"href":"https:\/\/gemmamicropigmentacio.com\/es\/wp-json\/wp\/v2\/types\/page"}],"author":[{"embeddable":true,"href":"https:\/\/gemmamicropigmentacio.com\/es\/wp-json\/wp\/v2\/users\/1"}],"replies":[{"embeddable":true,"href":"https:\/\/gemmamicropigmentacio.com\/es\/wp-json\/wp\/v2\/comments?post=605"}],"version-history":[{"count":7,"href":"https:\/\/gemmamicropigmentacio.com\/es\/wp-json\/wp\/v2\/pages\/605\/revisions"}],"predecessor-version":[{"id":15851,"href":"https:\/\/gemmamicropigmentacio.com\/es\/wp-json\/wp\/v2\/pages\/605\/revisions\/15851"}],"wp:attachment":[{"href":"https:\/\/gemmamicropigmentacio.com\/es\/wp-json\/wp\/v2\/media?parent=605"}],"curies":[{"name":"wp","href":"https:\/\/api.w.org\/{rel}","templated":true}]}}