{"id":14165,"date":"2023-02-08T11:44:28","date_gmt":"2023-02-08T10:44:28","guid":{"rendered":"https:\/\/gemmamicropigmentacio.com\/?page_id=14165"},"modified":"2026-04-15T05:50:47","modified_gmt":"2026-04-15T03:50:47","slug":"testimonios","status":"publish","type":"page","link":"https:\/\/gemmamicropigmentacio.com\/es\/testimonis\/","title":{"rendered":"Testimonios"},"content":{"rendered":"<div class=\"brz-root__container brz-reset-all brz brz-root__container-page\">\n<section id=\"_lxrepjzdgofcswukkwjzdhlsxpzqhmfowvru\" class=\"brz-section brz-css-1hbislv\">\n<div class=\"brz-section__content brz-section--boxed brz-css-1p8kidc brz-css-16szbhc\" data-brz-custom-id=\"mxnjverkickkztfrvcrfimnwifvivgqtrtwy\">\n<div class=\"brz-bg\">\n<div class=\"brz-bg-color\"><\/div>\n<\/div>\n<div class=\"brz-container brz-css-tgbf67\">\n<div class=\"brz-row__container brz-css-60oi8k\" data-brz-custom-id=\"xkhnuzrjtiksggycoczxblavwqpvswsjvaus\">\n<div class=\"brz-bg\"><\/div>\n<div class=\"brz-row brz-css-1s0tebx brz-css-aooina\">\n<div class=\"brz-columns brz-css-1j4nq9n brz-css-1ax1410\" data-brz-custom-id=\"hziklbgsqfzefpvhnhkchtxcfgnsjenpxhhr\">\n<div class=\"brz-bg\"><\/div>\n<div class=\"brz-column__items brz-css-ofucbk\">\n<div id=\"\" class=\"brz-css-ns9nq4 brz-css-1soev05 brz-wrapper\">\n<div class=\"brz-rich-text brz-rich-text__custom brz-css-49qswa\" data-brz-custom-id=\"rcancojsjzlovqcrxsgiaejasqfdolrstupq\">\n<div data-brz-translate-text=\"1\">\n<p class=\"brz-tp-lg-heading1 brz-text-lg-center brz-css-cd8s4\" data-uniq-id=\"qvrbv\" data-generated-css=\"brz-css-rrwbg\"><span class=\"brz-cp-color2\">Testimonios<\/span><\/p>\n<\/div>\n<\/div>\n<\/div>\n<\/div>\n<\/div>\n<\/div>\n<\/div>\n<div class=\"brz-row__container brz-css-60oi8k\" data-brz-custom-id=\"grsfyvklneiyoxsqlnpyypwzneihxbhjjevp\">\n<div class=\"brz-bg\"><\/div>\n<div class=\"brz-row brz-css-1s0tebx brz-css-aooina\">\n<div class=\"brz-columns brz-css-1j4nq9n brz-css-3yuzvh\" data-brz-custom-id=\"huyvmutcbukjamrewaqxyuxnqibfmkhpiohh\">\n<div class=\"brz-bg\"><\/div>\n<div class=\"brz-column__items brz-css-ofucbk brz-css-shf9td\">\n<div id=\"\" class=\"brz-css-ns9nq4 brz-css-1pd7d4x brz-wrapper\">\n<div class=\"brz-carousel brz-css-1mj99y5 brz-css-13slv5d\" data-brz-custom-id=\"tcqehemwttklggiurugzdngnqflzzzwwyiut\">\n<div class=\"brz-carousel__slider\" data-slides-to-show=\"3\" data-slides-to-scroll=\"1\" data-arrows=\"true\" data-dots=\"false\" data-dots-class=\"brz-slick-slider__dots brz-slick-slider__dots--none\" data-auto-play=\"true\" data-auto-play-speed=\"4000\" data-swipe=\"true\" data-fade=\"false\" data-transition-speed=\"3.5\" data-responsive=\"%5B%7B%22breakpoint%22%3A991%2C%22settings%22%3A%7B%22slidesToShow%22%3A2%2C%22slidesToScroll%22%3A1%7D%7D%2C%7B%22breakpoint%22%3A767%2C%22settings%22%3A%7B%22slidesToShow%22%3A1%2C%22slidesToScroll%22%3A1%7D%7D%5D\">\n<div class=\"brz-carousel__item\">\n<div class=\"brz-columns brz-css-1j4nq9n brz-css-2yuysu brz-css-1tpf358\" data-brz-custom-id=\"xudeoftaoomumnazdoljqwuqztgmsluktpco\">\n<div class=\"brz-bg\">\n<div class=\"brz-bg-color\"><\/div>\n<\/div>\n<div class=\"brz-column__items brz-css-ofucbk brz-css-1bzmihm\">\n<div class=\"brz-wrapper-clone brz-css-1bcniwj\">\n<div class=\"brz-d-xs-flex brz-flex-xs-wrap brz-css-1ig228q\" data-brz-custom-id=\"\">\n<div class=\"brz-wrapper-clone__item\" id=\"uwsrgipkhacdyxtlpzcpvbvbogsgfnwufqvz\">\n<div class=\"brz-icon__container\" data-brz-custom-id=\"uwsrgipkhacdyxtlpzcpvbvbogsgfnwufqvz\"><span class=\"brz-icon brz-span brz-css-1xmt47v brz-css-ao7j81\"><\/span><\/div>\n<\/div>\n<\/div>\n<\/div>\n<div id=\"\" class=\"brz-css-ns9nq4 brz-wrapper\">\n<div class=\"brz-rich-text brz-rich-text__custom brz-css-49qswa\" data-brz-custom-id=\"jcmhhllpeeekwliiyxcguxdccparhumahetj\">\n<div data-brz-translate-text=\"1\">\n<p class=\"brz-text-lg-center brz-tp-lg-paragraph brz-css-vXUE_\" data-uniq-id=\"vgrgo\" data-generated-css=\"brz-css-phlsm\"><em class=\"brz-cp-color1\">\u00abVuelvo a sentirme yo de nuevo, estoy muy contenta. Cuando me miro en el espejo me veo normal y apenas recuerdo lo mal que lo he pasado con el c\u00e1ncer.\u00bb<\/em><\/p>\n<p class=\"brz-text-lg-center brz-tp-lg-paragraph brz-css-wqPSS\" data-uniq-id=\"fqjod\" data-generated-css=\"brz-css-dfodn\"><span class=\"brz-cp-color1\"> <\/span><\/p>\n<p class=\"brz-text-lg-center brz-tp-lg-xxaobfpstq brz-css-dVojG\" data-uniq-id=\"nvode\" data-generated-css=\"brz-css-cjlxs\"><strong class=\"brz-cp-color2\">M.S.F.<\/strong><\/p>\n<p class=\"brz-text-lg-center brz-tp-lg-xxaobfpstq brz-css-bmgl0\" data-uniq-id=\"zkcli\" data-generated-css=\"brz-css-nwbes\"><strong class=\"brz-cp-color1\">Tatuaje CAM Complejo Areola Pez\u00f3n bilateral<\/strong><\/p>\n<\/div>\n<\/div>\n<\/div>\n<\/div>\n<\/div>\n<\/div>\n<div class=\"brz-carousel__item\">\n<div class=\"brz-columns brz-css-1j4nq9n brz-css-2yuysu brz-css-wzyq2k\" data-brz-custom-id=\"aqrxxytwjlwnrgjfdzxgwgdhhahdlhwzibkb\">\n<div class=\"brz-bg\">\n<div class=\"brz-bg-color\"><\/div>\n<\/div>\n<div class=\"brz-column__items brz-css-ofucbk brz-css-yfmm3t\">\n<div class=\"brz-wrapper-clone brz-css-1bcniwj\">\n<div class=\"brz-d-xs-flex brz-flex-xs-wrap brz-css-1ig228q\" data-brz-custom-id=\"\">\n<div class=\"brz-wrapper-clone__item\" id=\"kbpyjbnqktdgfnerqwaefgdptmywqcevgsqe\">\n<div class=\"brz-icon__container\" data-brz-custom-id=\"kbpyjbnqktdgfnerqwaefgdptmywqcevgsqe\"><span class=\"brz-icon brz-span brz-css-1xmt47v brz-css-rfsjzk\"><\/span><\/div>\n<\/div>\n<\/div>\n<\/div>\n<div id=\"\" class=\"brz-css-ns9nq4 brz-wrapper\">\n<div class=\"brz-rich-text brz-rich-text__custom brz-css-49qswa\" data-brz-custom-id=\"xafeiwbaujnejqdavigsagkhrjzqjldvciyi\">\n<div data-brz-translate-text=\"1\">\n<p class=\"brz-text-lg-center brz-tp-lg-paragraph brz-css-lD74z\" data-uniq-id=\"nnazy\" data-generated-css=\"brz-css-ajuqe\"><em class=\"brz-cp-color1\">\u00abMis hijos me dicen ahora que deber\u00eda haberme hecho mucho antes. Yo hab\u00eda perdido la ilusi\u00f3n de volver a verme como antes. Estoy tan feliz\u2026\u00bb<\/em><\/p>\n<p class=\"brz-text-lg-center brz-tp-lg-paragraph brz-css-sIkX2\" data-uniq-id=\"nuwra\" data-generated-css=\"brz-css-koyma\"><span class=\"brz-cp-color1\"> <\/span><\/p>\n<p class=\"brz-text-lg-center brz-tp-lg-xxaobfpstq brz-css-ss7cO\" data-uniq-id=\"yilfb\" data-generated-css=\"brz-css-qvfxg\"><strong class=\"brz-cp-color2\">V.S.A<\/strong><\/p>\n<p class=\"brz-text-lg-center brz-tp-lg-xxaobfpstq brz-css-tafTs\" data-uniq-id=\"rmywe\" data-generated-css=\"brz-css-uxdun\"><strong class=\"brz-cp-color1\">Tatuaje CAM Complejo Areola Pez\u00f3n unilateral<\/strong><\/p>\n<\/div>\n<\/div>\n<\/div>\n<\/div>\n<\/div>\n<\/div>\n<div class=\"brz-carousel__item\">\n<div class=\"brz-columns brz-css-1j4nq9n brz-css-2yuysu brz-css-stshj3\" data-brz-custom-id=\"kuljrnvwwknheipxtxcrkywdjviaqkbmkheo\">\n<div class=\"brz-bg\">\n<div class=\"brz-bg-color\"><\/div>\n<\/div>\n<div class=\"brz-column__items brz-css-ofucbk brz-css-1td5ugi\">\n<div class=\"brz-wrapper-clone brz-css-1bcniwj\">\n<div class=\"brz-d-xs-flex brz-flex-xs-wrap brz-css-1ig228q\" data-brz-custom-id=\"\">\n<div class=\"brz-wrapper-clone__item\" id=\"hcycafgumniuwnulydqjsdcnhzbylmyzkshh\">\n<div class=\"brz-icon__container\" data-brz-custom-id=\"hcycafgumniuwnulydqjsdcnhzbylmyzkshh\"><span class=\"brz-icon brz-span brz-css-1xmt47v brz-css-1l8p4s1\"><\/span><\/div>\n<\/div>\n<\/div>\n<\/div>\n<div id=\"\" class=\"brz-css-ns9nq4 brz-wrapper\">\n<div class=\"brz-rich-text brz-rich-text__custom brz-css-49qswa\" data-brz-custom-id=\"gwobjuuntmveuycybyscefqkrhcuszqwhoqn\">\n<div data-brz-translate-text=\"1\">\n<p class=\"brz-tp-lg-paragraph brz-text-lg-center brz-css-aI48U\" data-uniq-id=\"aclnq\" data-generated-css=\"brz-css-mcrwq\"><em class=\"brz-cp-color1\">\u00abPero mam\u00e1, \u00bfno ibas a hacerte un tatuaje? \u00bfC\u00f3mo te han puesto el pez\u00f3n de anta\u00f1o?\u00bb<\/em><\/p>\n<p class=\"brz-tp-lg-paragraph brz-text-lg-center brz-css-veZ0_\" data-uniq-id=\"wdhqb\" data-generated-css=\"brz-css-kifwt\"><em class=\"brz-cp-color1\"> <\/em><\/p>\n<p class=\"brz-text-lg-center brz-tp-lg-xxaobfpstq brz-css-us0sB\" data-uniq-id=\"wdhqb\" data-generated-css=\"brz-css-kifwt\"><strong class=\"brz-cp-color2\">E.D.V.<\/strong><\/p>\n<p class=\"brz-text-lg-center brz-tp-lg-xxaobfpstq brz-css-jQZCk\" data-uniq-id=\"wdhqb\" data-generated-css=\"brz-css-kifwt\"><strong class=\"brz-cp-color1\">Tatuaje CAM Complejo Areola Pez\u00f3n unilateral<\/strong><\/p>\n<\/div>\n<\/div>\n<\/div>\n<\/div>\n<\/div>\n<\/div>\n<div class=\"brz-carousel__item\">\n<div class=\"brz-columns brz-css-1j4nq9n brz-css-2yuysu brz-css-cswho3\" data-brz-custom-id=\"cfhxrudeskxolcttnzfcyosjewlejtnyoojd\">\n<div class=\"brz-bg\">\n<div class=\"brz-bg-color\"><\/div>\n<\/div>\n<div class=\"brz-column__items brz-css-ofucbk brz-css-va8re4\">\n<div class=\"brz-wrapper-clone brz-css-1bcniwj\">\n<div class=\"brz-d-xs-flex brz-flex-xs-wrap brz-css-1ig228q\" data-brz-custom-id=\"\">\n<div class=\"brz-wrapper-clone__item\" id=\"yztelgexhwhzcavijzxpaxqbipqeycdneyrv\">\n<div class=\"brz-icon__container\" data-brz-custom-id=\"yztelgexhwhzcavijzxpaxqbipqeycdneyrv\"><span class=\"brz-icon brz-span brz-css-1xmt47v brz-css-1480uq3\"><\/span><\/div>\n<\/div>\n<\/div>\n<\/div>\n<div id=\"\" class=\"brz-css-ns9nq4 brz-wrapper\">\n<div class=\"brz-rich-text brz-rich-text__custom brz-css-49qswa\" data-brz-custom-id=\"qkndjxafclgotctpeoyknxhgeneqaaxkykcy\">\n<div data-brz-translate-text=\"1\">\n<p class=\"brz-tp-lg-paragraph brz-text-lg-center brz-css-dmyGp\" data-uniq-id=\"gctpg\" data-generated-css=\"brz-css-awayl\"><em class=\"brz-cp-color1\">\u00abUn tatuaje no es solo un dibujo en la piel, tambi\u00e9n es dejar atr\u00e1s una etapa, sentirse completa, pasar p\u00e1gina, volver a sentirte mujer. Gracias, Gemma.\u00bb<\/em><\/p>\n<p class=\"brz-tp-lg-paragraph brz-text-lg-center brz-css-r1_9P\" data-uniq-id=\"ovwqj\" data-generated-css=\"brz-css-jhfgt\"><em class=\"brz-cp-color1\"> <\/em><\/p>\n<p class=\"brz-text-lg-center brz-tp-lg-xxaobfpstq brz-css-t2EgK\" data-uniq-id=\"ovwqj\" data-generated-css=\"brz-css-jhfgt\"><strong class=\"brz-cp-color2\">J.B.B.<\/strong><\/p>\n<p class=\"brz-text-lg-center brz-tp-lg-xxaobfpstq brz-css-s7QKA\" data-uniq-id=\"ovwqj\" data-generated-css=\"brz-css-jhfgt\"><strong class=\"brz-cp-color1\">Tatuaje CAM Complejo Areola Pez\u00f3n bilateral<\/strong><\/p>\n<\/div>\n<\/div>\n<\/div>\n<\/div>\n<\/div>\n<\/div>\n<div class=\"brz-carousel__item\">\n<div class=\"brz-columns brz-css-1j4nq9n brz-css-2yuysu brz-css-jus6ui\" data-brz-custom-id=\"fcvxtgqsbewyluujevlnvlukrgqookqtzwjf\">\n<div class=\"brz-bg\">\n<div class=\"brz-bg-color\"><\/div>\n<\/div>\n<div class=\"brz-column__items brz-css-ofucbk brz-css-2ooj6r\">\n<div class=\"brz-wrapper-clone brz-css-1bcniwj\">\n<div class=\"brz-d-xs-flex brz-flex-xs-wrap brz-css-1ig228q\" data-brz-custom-id=\"\">\n<div class=\"brz-wrapper-clone__item\" id=\"vjqpkhfuofgcguwssrhpmyqbyjkvfnpxhrvp\">\n<div class=\"brz-icon__container\" data-brz-custom-id=\"vjqpkhfuofgcguwssrhpmyqbyjkvfnpxhrvp\"><span class=\"brz-icon brz-span brz-css-1xmt47v brz-css-vc5gsz\"><\/span><\/div>\n<\/div>\n<\/div>\n<\/div>\n<div id=\"\" class=\"brz-css-ns9nq4 brz-wrapper\">\n<div class=\"brz-rich-text brz-rich-text__custom brz-css-49qswa\" data-brz-custom-id=\"rxecvnlexdubjudmenpxqenkoqckgodnvaem\">\n<div data-brz-translate-text=\"1\">\n<p class=\"brz-tp-lg-paragraph brz-text-lg-center brz-css-uxgSN\" data-uniq-id=\"hkldq\" data-generated-css=\"brz-css-addej\"><em class=\"brz-cp-color1\">\u00abSolo puedo decir que estoy muy contenta del resultado y muy agradecida por el trato recibido.<\/em><\/p>\n<p class=\"brz-tp-lg-paragraph brz-text-lg-center brz-css-z96tR\" data-uniq-id=\"vfwkn\" data-generated-css=\"brz-css-bndey\"><em class=\"brz-cp-color1\">Mi imagen ha cambiado y eso me hace sentir mejor a diario cuando me veo en el espejo, al vestirme y al ducharme.<\/em><\/p>\n<p class=\"brz-tp-lg-paragraph brz-text-lg-center brz-css-p58YS\" data-uniq-id=\"bwuxa\" data-generated-css=\"brz-css-agsvv\"><em class=\"brz-cp-color1\">Es claramente una subida de la autoestima y del feminismo.\u00bb<\/em><\/p>\n<p class=\"brz-tp-lg-paragraph brz-text-lg-center brz-css-wTLfe\" data-uniq-id=\"vkilc\" data-generated-css=\"brz-css-qulkc\"><em class=\"brz-cp-color1\"> <\/em><\/p>\n<p class=\"brz-text-lg-center brz-tp-lg-xxaobfpstq brz-css-dQszN\" data-uniq-id=\"vkilc\" data-generated-css=\"brz-css-qulkc\"><strong class=\"brz-cp-color2\">D.R.M.<\/strong><\/p>\n<p class=\"brz-text-lg-center brz-tp-lg-xxaobfpstq brz-css-cXsvR\" data-uniq-id=\"vkilc\" data-generated-css=\"brz-css-qulkc\"><strong class=\"brz-cp-color1\">Tatuaje CAM Complejo Areola Pez\u00f3n bilateral<\/strong><\/p>\n<\/div>\n<\/div>\n<\/div>\n<\/div>\n<\/div>\n<\/div>\n<div class=\"brz-carousel__item\">\n<div class=\"brz-columns brz-css-1j4nq9n brz-css-2yuysu brz-css-1vkuyc6\" data-brz-custom-id=\"bmzobruteapbapwnwgfchyvrpypchmmpxkcl\">\n<div class=\"brz-bg\">\n<div class=\"brz-bg-color\"><\/div>\n<\/div>\n<div class=\"brz-column__items brz-css-ofucbk brz-css-tosbb8\">\n<div class=\"brz-wrapper-clone brz-css-1bcniwj\">\n<div class=\"brz-d-xs-flex brz-flex-xs-wrap brz-css-1ig228q\" data-brz-custom-id=\"\">\n<div class=\"brz-wrapper-clone__item\" id=\"iyxgtqfmbcvfurjtamhzmzhdinvasmlenzce\">\n<div class=\"brz-icon__container\" data-brz-custom-id=\"iyxgtqfmbcvfurjtamhzmzhdinvasmlenzce\"><span class=\"brz-icon brz-span brz-css-1xmt47v brz-css-ydtcg7\"><\/span><\/div>\n<\/div>\n<\/div>\n<\/div>\n<div id=\"\" class=\"brz-css-ns9nq4 brz-wrapper\">\n<div class=\"brz-rich-text brz-rich-text__custom brz-css-49qswa\" data-brz-custom-id=\"zcyoudzmjgctawzbrkozdlaelorzcgxjmjxp\">\n<div data-brz-translate-text=\"1\">\n<p class=\"brz-tp-lg-paragraph brz-text-lg-center brz-css-e78Ez\" data-uniq-id=\"uxigs\" data-generated-css=\"brz-css-kuhsl\"><em class=\"brz-cp-color1\">\u00abMe opero porque he visto tus trabajos y los resultados finales que cuelgas en Instagram. Gracias por ayudarme a superar el miedo y hacer frente a lo que se me presenta.\u00bb<\/em><\/p>\n<p class=\"brz-tp-lg-paragraph brz-text-lg-center brz-css-cSNki\" data-uniq-id=\"ayxaz\" data-generated-css=\"brz-css-ayhun\"><em class=\"brz-cp-color1\"> <\/em><\/p>\n<p class=\"brz-text-lg-center brz-tp-lg-xxaobfpstq brz-css-bNnn8\" data-uniq-id=\"ayxaz\" data-generated-css=\"brz-css-ayhun\"><strong class=\"brz-cp-color2\">M.O.V.<\/strong><\/p>\n<p class=\"brz-text-lg-center brz-tp-lg-xxaobfpstq brz-css-vEvc9\" data-uniq-id=\"ayxaz\" data-generated-css=\"brz-css-ayhun\"><strong class=\"brz-cp-color1\">Paciente oncol\u00f3gica en tratamiento<\/strong><\/p>\n<\/div>\n<\/div>\n<\/div>\n<\/div>\n<\/div>\n<\/div>\n<\/div>\n<\/div>\n<\/div>\n<\/div>\n<\/div>\n<\/div>\n<\/div>\n<\/div>\n<\/div>\n<\/section>\n<\/div>\n<p>    <!-- version:1738033219 --><\/p>","protected":false},"excerpt":{"rendered":"<p>Testimonis \u00abTorno a sentir-me jo de nou, estic molt contenta. Quan em miro al mirall em veig normal i quasi no recordo com de malament ho he passat amb el c\u00e0ncer.\u00bb M.S.F. Tatuatge CAM Complex Areola Mugr\u00f3 bilateral \u00abEls meus fills em diuen ara que m&#8217;ho hauria d&#8217;haver fet molt abans. Jo havia perdut la &#8230; <a title=\"Testimonios\" class=\"read-more\" href=\"https:\/\/gemmamicropigmentacio.com\/es\/testimonis\/\" aria-label=\"Leer m\u00e1s sobre Testimonis\">Leer m\u00e1s<\/a><\/p>","protected":false},"author":1,"featured_media":0,"parent":0,"menu_order":0,"comment_status":"closed","ping_status":"closed","template":"brizy-blank-template.php","meta":{"footnotes":""},"class_list":["post-14165","page","type-page","status-publish"],"brizy_media":[],"_links":{"self":[{"href":"https:\/\/gemmamicropigmentacio.com\/es\/wp-json\/wp\/v2\/pages\/14165","targetHints":{"allow":["GET"]}}],"collection":[{"href":"https:\/\/gemmamicropigmentacio.com\/es\/wp-json\/wp\/v2\/pages"}],"about":[{"href":"https:\/\/gemmamicropigmentacio.com\/es\/wp-json\/wp\/v2\/types\/page"}],"author":[{"embeddable":true,"href":"https:\/\/gemmamicropigmentacio.com\/es\/wp-json\/wp\/v2\/users\/1"}],"replies":[{"embeddable":true,"href":"https:\/\/gemmamicropigmentacio.com\/es\/wp-json\/wp\/v2\/comments?post=14165"}],"version-history":[{"count":0,"href":"https:\/\/gemmamicropigmentacio.com\/es\/wp-json\/wp\/v2\/pages\/14165\/revisions"}],"wp:attachment":[{"href":"https:\/\/gemmamicropigmentacio.com\/es\/wp-json\/wp\/v2\/media?parent=14165"}],"curies":[{"name":"wp","href":"https:\/\/api.w.org\/{rel}","templated":true}]}}